{"id":1136,"date":"2025-06-03T19:43:40","date_gmt":"2025-06-03T16:43:40","guid":{"rendered":"https:\/\/nujimarketing.com\/?page_id=1136"},"modified":"2025-06-03T22:48:21","modified_gmt":"2025-06-03T19:48:21","slug":"ajankohtaista","status":"publish","type":"page","link":"https:\/\/nujimarketing.com\/en\/ajankohtaista\/","title":{"rendered":"Blogs"},"content":{"rendered":"<div data-elementor-type=\"wp-page\" data-elementor-id=\"1136\" class=\"elementor elementor-1136\" data-elementor-post-type=\"page\">\n\t\t\t\t<div class=\"elementor-element elementor-element-5a2e6a0 e-flex e-con-boxed e-con e-parent\" data-id=\"5a2e6a0\" data-element_type=\"container\" data-e-type=\"container\" data-settings=\"{&quot;background_background&quot;:&quot;classic&quot;}\">\n\t\t\t\t\t<div class=\"e-con-inner\">\n\t\t\t\t<div class=\"elementor-element elementor-element-3c6a87d elementor-widget elementor-widget-heading\" data-id=\"3c6a87d\" data-element_type=\"widget\" data-e-type=\"widget\" data-widget_type=\"heading.default\">\n\t\t\t\t<div class=\"elementor-widget-container\">\n\t\t\t\t\t<h2 class=\"elementor-heading-title elementor-size-default\">Latest Articles\n\n<\/h2>\t\t\t\t<\/div>\n\t\t\t\t<\/div>\n\t\t\t\t<div class=\"elementor-element elementor-element-b2ba9b5 elementor-widget elementor-widget-text-editor\" data-id=\"b2ba9b5\" data-element_type=\"widget\" data-e-type=\"widget\" data-widget_type=\"text-editor.default\">\n\t\t\t\t<div class=\"elementor-widget-container\">\n\t\t\t\t\t\t\t\t\t<p>On this page, you'll find up-to-date articles about our services, such as digital marketing, website development, search engine optimization, the use of AI, content production, and 3D production. We write from a practical business perspective and share knowledge, experiences, and insights directly from our experts.<\/p>\t\t\t\t\t\t\t\t<\/div>\n\t\t\t\t<\/div>\n\t\t\t\t\t<\/div>\n\t\t\t\t<\/div>\n\t\t<div class=\"elementor-element elementor-element-959ae32 e-flex e-con-boxed e-con e-parent\" data-id=\"959ae32\" data-element_type=\"container\" data-e-type=\"container\" data-settings=\"{&quot;background_background&quot;:&quot;classic&quot;}\">\n\t\t\t\t\t<div class=\"e-con-inner\">\n\t\t\t\t<div class=\"elementor-element elementor-element-d3b491f title_position_default title_hover_border_default title-default img_hover_animation_default readmore-btn-default-style grid-hover-overlay-type-always tpg-el-box-border-enable tpg-border-bottom-disable elementor-widget elementor-widget-tpg-grid-layout\" data-id=\"d3b491f\" data-element_type=\"widget\" data-e-type=\"widget\" data-widget_type=\"tpg-grid-layout.default\">\n\t\t\t\t<div class=\"elementor-widget-container\">\n\t\t\t\t\t\t\t<div class=\"rt-container-fluid rt-tpg-container tpg-el-main-wrapper clearfix grid-layout3-main\"\n\t\t\t id=\"rt-tpg-container-531585730\"\n\t\t\t data-layout=\"grid-layout3\"\n\t\t\t data-grid-style=\"tpg-full-height\"\n\t\t\t data-sc-id=\"elementor\"\n\t\t\t data-el-settings=''\n\t\t\t data-el-query=''\n\t\t\t data-el-path=''\n\t\t>\n\t\t\t\t\t\t<div class='tpg-header-wrapper'>\n\t\t\t\t\t\t\t<\/div>\n\n\t\t\t<div data-title=\"Loading ...\" class=\"rt-row rt-content-loader grid-layout3 grid-behaviour tpg-full-height grid_layout_wrapper\">\n\t\t\t\t\n<div class=\"rt-col-md-4 rt-col-sm-6 rt-col-xs-12 default rt-grid-item\" data-id=\"1172\">\n\t<div class=\"rt-holder tpg-post-holder\">\n\t\t<div class=\"rt-detail rt-el-content-wrapper\">\n\t\t\t\t\t\t\t<div class=\"rt-img-holder tpg-el-image-wrap has-no-thumbnail\">\n\t\t\t\t\t<a data-id=\"1172\" href=\"https:\/\/nujimarketing.com\/en\/digimarkkinointi-budjetin-kayttaminen\/\" class=\"tpg-post-link\" target=\"_self\">\t\t\n\t\t<\/a>\n\t\t        <div class=\"overlay grid-hover-content\"><\/div>\n\t\t\t\t\t\t<\/div>\n\t\t\t\n\n\t\t\t<div class=\"entry-title-wrapper\"><h3 class=\"entry-title\"><a data-id=\"1172\" href=\"https:\/\/nujimarketing.com\/en\/digimarkkinointi-budjetin-kayttaminen\/\" class=\"tpg-post-link\" target=\"_self\">Digital Marketing for Businesses: Effective Budgeting and Strategies<\/a><\/h3><\/div>\n\t\t\t\n\t\t\t\t\t\t\t<div class=\"tpg-excerpt tpg-el-excerpt\">\n\t\t\t\t\t\t\t\t\t\t\t<div class=\"tpg-excerpt-inner\">\n\t\t\t\t\t\t\tDigital marketing for businesses: How to utilize your budget effectively\nEstimated reading time: 7 minutes\nKey points: Digital marketing offers precise targeting and measurability. Advertising budgets..\t\t\t\t\t\t<\/div>\n\t\t\t\t\t\t\t\t\t\t\t\t\t\t<\/div>\n\t\t\t\n\t\t\t        <div class=\"post-footer\">\n            <div class=\"post-footer\">\n                <div class=\"read-more\">\n\t\t\t\t\t<a data-id=\"1172\" href=\"https:\/\/nujimarketing.com\/en\/digimarkkinointi-budjetin-kayttaminen\/\" class=\"tpg-post-link\" target=\"_self\">Learn More<\/a>                <\/div>\n            <\/div>\n        <\/div>\n\t\t\t\t<\/div>\n\t<\/div>\n<\/div>\n\n<div class=\"rt-col-md-4 rt-col-sm-6 rt-col-xs-12 default rt-grid-item\" data-id=\"1173\">\n\t<div class=\"rt-holder tpg-post-holder\">\n\t\t<div class=\"rt-detail rt-el-content-wrapper\">\n\t\t\t\t\t\t\t<div class=\"rt-img-holder tpg-el-image-wrap has-no-thumbnail\">\n\t\t\t\t\t<a data-id=\"1173\" href=\"https:\/\/nujimarketing.com\/en\/pienyrityksen-mainosbudjetti\/\" class=\"tpg-post-link\" target=\"_self\">\t\t\n\t\t<\/a>\n\t\t        <div class=\"overlay grid-hover-content\"><\/div>\n\t\t\t\t\t\t<\/div>\n\t\t\t\n\n\t\t\t<div class=\"entry-title-wrapper\"><h3 class=\"entry-title\"><a data-id=\"1173\" href=\"https:\/\/nujimarketing.com\/en\/pienyrityksen-mainosbudjetti\/\" class=\"tpg-post-link\" target=\"_self\">How to Set a Small Business Advertising Budget Effectively<\/a><\/h3><\/div>\n\t\t\t\n\t\t\t\t\t\t\t<div class=\"tpg-excerpt tpg-el-excerpt\">\n\t\t\t\t\t\t\t\t\t\t\t<div class=\"tpg-excerpt-inner\">\n\t\t\t\t\t\t\tDigital marketing for small businesses: How to determine and use your advertising budget efficiently\nEstimated reading time: 9 minutes\nKey points: Digital marketing transforms the way small businesses...\t\t\t\t\t\t<\/div>\n\t\t\t\t\t\t\t\t\t\t\t\t\t\t<\/div>\n\t\t\t\n\t\t\t        <div class=\"post-footer\">\n            <div class=\"post-footer\">\n                <div class=\"read-more\">\n\t\t\t\t\t<a data-id=\"1173\" href=\"https:\/\/nujimarketing.com\/en\/pienyrityksen-mainosbudjetti\/\" class=\"tpg-post-link\" target=\"_self\">Learn More<\/a>                <\/div>\n            <\/div>\n        <\/div>\n\t\t\t\t<\/div>\n\t<\/div>\n<\/div>\n\n<div class=\"rt-col-md-4 rt-col-sm-6 rt-col-xs-12 default rt-grid-item\" data-id=\"1164\">\n\t<div class=\"rt-holder tpg-post-holder\">\n\t\t<div class=\"rt-detail rt-el-content-wrapper\">\n\t\t\t\t\t\t\t<div class=\"rt-img-holder tpg-el-image-wrap has-no-thumbnail\">\n\t\t\t\t\t<a data-id=\"1164\" href=\"https:\/\/nujimarketing.com\/en\/chattibotti-asiakaspalvelussa\/\" class=\"tpg-post-link\" target=\"_self\">\t\t\n\t\t<\/a>\n\t\t        <div class=\"overlay grid-hover-content\"><\/div>\n\t\t\t\t\t\t<\/div>\n\t\t\t\n\n\t\t\t<div class=\"entry-title-wrapper\"><h3 class=\"entry-title\"><a data-id=\"1164\" href=\"https:\/\/nujimarketing.com\/en\/chattibotti-asiakaspalvelussa\/\" class=\"tpg-post-link\" target=\"_self\">Using Chatbots in Customer Service \u2013 Boost Efficiency<\/a><\/h3><\/div>\n\t\t\t\n\t\t\t\t\t\t\t<div class=\"tpg-excerpt tpg-el-excerpt\">\n\t\t\t\t\t\t\t\t\t\t\t<div class=\"tpg-excerpt-inner\">\n\t\t\t\t\t\t\tChatbots for businesses \u2013 Boost customer service with automation\nEstimated reading time: 8 minutes\nKey points: Constant availability of the chatbot ensures instant support and reduces wait times...\t\t\t\t\t\t<\/div>\n\t\t\t\t\t\t\t\t\t\t\t\t\t\t<\/div>\n\t\t\t\n\t\t\t        <div class=\"post-footer\">\n            <div class=\"post-footer\">\n                <div class=\"read-more\">\n\t\t\t\t\t<a data-id=\"1164\" href=\"https:\/\/nujimarketing.com\/en\/chattibotti-asiakaspalvelussa\/\" class=\"tpg-post-link\" target=\"_self\">Learn More<\/a>                <\/div>\n            <\/div>\n        <\/div>\n\t\t\t\t<\/div>\n\t<\/div>\n<\/div>\n\n<div class=\"rt-col-md-4 rt-col-sm-6 rt-col-xs-12 default rt-grid-item\" data-id=\"1129\">\n\t<div class=\"rt-holder tpg-post-holder\">\n\t\t<div class=\"rt-detail rt-el-content-wrapper\">\n\t\t\t\t\t\t\t<div class=\"rt-img-holder tpg-el-image-wrap has-no-thumbnail\">\n\t\t\t\t\t<a data-id=\"1129\" href=\"https:\/\/nujimarketing.com\/en\/pienyrittajan-nettisivut-kannattavuus\/\" class=\"tpg-post-link\" target=\"_self\">\t\t\n\t\t<\/a>\n\t\t        <div class=\"overlay grid-hover-content\"><\/div>\n\t\t\t\t\t\t<\/div>\n\t\t\t\n\n\t\t\t<div class=\"entry-title-wrapper\"><h3 class=\"entry-title\"><a data-id=\"1129\" href=\"https:\/\/nujimarketing.com\/en\/pienyrittajan-nettisivut-kannattavuus\/\" class=\"tpg-post-link\" target=\"_self\">Should a Small Business Invest in a Website?<\/a><\/h3><\/div>\n\t\t\t\n\t\t\t\t\t\t\t<div class=\"tpg-excerpt tpg-el-excerpt\">\n\t\t\t\t\t\t\t\t\t\t\t<div class=\"tpg-excerpt-inner\">\n\t\t\t\t\t\t\tIs it worth it for a small business to have a website?\nA comprehensive guide to digital presence\nEstimated reading time: 9 minutes\nKey points: A website acts as the company\u2019s digital storefront, offering...\t\t\t\t\t\t<\/div>\n\t\t\t\t\t\t\t\t\t\t\t\t\t\t<\/div>\n\t\t\t\n\t\t\t        <div class=\"post-footer\">\n            <div class=\"post-footer\">\n                <div class=\"read-more\">\n\t\t\t\t\t<a data-id=\"1129\" href=\"https:\/\/nujimarketing.com\/en\/pienyrittajan-nettisivut-kannattavuus\/\" class=\"tpg-post-link\" target=\"_self\">Learn More<\/a>                <\/div>\n            <\/div>\n        <\/div>\n\t\t\t\t<\/div>\n\t<\/div>\n<\/div>\n\t\t\t<\/div>\n\t\t\t\n\t\t<\/div>\n\t\t\t\t\t\t<\/div>\n\t\t\t\t<\/div>\n\t\t\t\t\t<\/div>\n\t\t\t\t<\/div>\n\t\t\t\t<\/div>","protected":false},"excerpt":{"rendered":"<p>Uusimmat artikkelit T\u00e4lt\u00e4 sivulta l\u00f6yd\u00e4t ajankohtaisia kirjoituksia palveluistamme, kuten digimarkkinoinnista, verkkosivujen kehitt\u00e4misest\u00e4, hakukoneoptimoinnista, teko\u00e4lyn hy\u00f6dynt\u00e4misest\u00e4, sis\u00e4ll\u00f6ntuotannosta ja 3D-tuotannosta. Kirjoitamme k\u00e4yt\u00e4nn\u00f6nl\u00e4heisesti yritysten n\u00e4k\u00f6kulmasta ja jaamme tietoa, kokemuksia sek\u00e4 oivalluksia suoraan asiantuntijoiltamme. Kannattaako pienyritt\u00e4j\u00e4n teett\u00e4\u00e4 nettisivut? Kannattaako pienyritt\u00e4j\u00e4n teett\u00e4\u00e4 nettisivut? Kattava opas digitaaliseen l\u00e4sn\u00e4oloon Arvioitu lukuaika: 9 minuuttia Avainkohdat Verkkosivut toimivat yrityksen digitaalisena julkisivuna tarjoten&#8230; Lue lis\u00e4\u00e4<\/p>","protected":false},"author":1,"featured_media":0,"parent":0,"menu_order":0,"comment_status":"closed","ping_status":"closed","template":"","meta":{"footnotes":""},"class_list":["post-1136","page","type-page","status-publish","hentry"],"rttpg_featured_image_url":null,"rttpg_author":{"display_name":"Niko","author_link":"https:\/\/nujimarketing.com\/en\/author\/niko\/"},"rttpg_comment":0,"rttpg_category":"","rttpg_excerpt":"Uusimmat artikkelit T\u00e4lt\u00e4 sivulta l\u00f6yd\u00e4t ajankohtaisia kirjoituksia palveluistamme, kuten digimarkkinoinnista, verkkosivujen kehitt\u00e4misest\u00e4, hakukoneoptimoinnista, teko\u00e4lyn hy\u00f6dynt\u00e4misest\u00e4, sis\u00e4ll\u00f6ntuotannosta ja 3D-tuotannosta. Kirjoitamme k\u00e4yt\u00e4nn\u00f6nl\u00e4heisesti yritysten n\u00e4k\u00f6kulmasta ja jaamme tietoa, kokemuksia sek\u00e4 oivalluksia suoraan asiantuntijoiltamme. Kannattaako pienyritt\u00e4j\u00e4n teett\u00e4\u00e4 nettisivut? Kannattaako pienyritt\u00e4j\u00e4n teett\u00e4\u00e4 nettisivut? Kattava opas digitaaliseen l\u00e4sn\u00e4oloon Arvioitu lukuaika: 9 minuuttia Avainkohdat Verkkosivut toimivat yrityksen digitaalisena julkisivuna tarjoten&#8230; Lue lis\u00e4\u00e4","_links":{"self":[{"href":"https:\/\/nujimarketing.com\/en\/wp-json\/wp\/v2\/pages\/1136","targetHints":{"allow":["GET"]}}],"collection":[{"href":"https:\/\/nujimarketing.com\/en\/wp-json\/wp\/v2\/pages"}],"about":[{"href":"https:\/\/nujimarketing.com\/en\/wp-json\/wp\/v2\/types\/page"}],"author":[{"embeddable":true,"href":"https:\/\/nujimarketing.com\/en\/wp-json\/wp\/v2\/users\/1"}],"replies":[{"embeddable":true,"href":"https:\/\/nujimarketing.com\/en\/wp-json\/wp\/v2\/comments?post=1136"}],"version-history":[{"count":16,"href":"https:\/\/nujimarketing.com\/en\/wp-json\/wp\/v2\/pages\/1136\/revisions"}],"predecessor-version":[{"id":1176,"href":"https:\/\/nujimarketing.com\/en\/wp-json\/wp\/v2\/pages\/1136\/revisions\/1176"}],"wp:attachment":[{"href":"https:\/\/nujimarketing.com\/en\/wp-json\/wp\/v2\/media?parent=1136"}],"curies":[{"name":"wp","href":"https:\/\/api.w.org\/{rel}","templated":true}]}}